{"id":2160,"date":"2025-12-15T22:28:55","date_gmt":"2025-12-15T22:28:55","guid":{"rendered":"https:\/\/www.moneilsnails.com\/?page_id=2160"},"modified":"2026-02-01T16:48:26","modified_gmt":"2026-02-01T15:48:26","slug":"plazos-y-costes-de-envio-2","status":"publish","type":"page","link":"https:\/\/www.moneilsnails.com\/en\/plazos-y-costes-de-envio-2\/","title":{"rendered":"Plazos y costes de env\u00edo"},"content":{"rendered":"\t\t<div data-elementor-type=\"wp-page\" data-elementor-id=\"2160\" class=\"elementor elementor-2160\" data-elementor-post-type=\"page\">\n\t\t\t\t\t\t<section class=\"elementor-section elementor-top-section elementor-element elementor-element-fba0ca5 elementor-section-boxed elementor-section-height-default elementor-section-height-default\" data-id=\"fba0ca5\" data-element_type=\"section\">\n\t\t\t\t\t\t<div class=\"elementor-container elementor-column-gap-no\">\n\t\t\t\t\t<div class=\"elementor-column elementor-col-100 elementor-top-column elementor-element elementor-element-34d27ac\" data-id=\"34d27ac\" data-element_type=\"column\">\n\t\t\t<div class=\"elementor-widget-wrap elementor-element-populated\">\n\t\t\t\t\t\t<div class=\"elementor-element elementor-element-8d1a7a8 elementor-widget elementor-widget-heading\" data-id=\"8d1a7a8\" data-element_type=\"widget\" data-widget_type=\"heading.default\">\n\t\t\t\t\t<h2 class=\"elementor-heading-title elementor-size-default\">Plazos y costes de env\u00edo<\/h2>\t\t\t\t<\/div>\n\t\t\t\t\t<\/div>\n\t\t<\/div>\n\t\t\t\t\t<\/div>\n\t\t<\/section>\n\t\t\t\t<section class=\"elementor-section elementor-top-section elementor-element elementor-element-2e7c56c elementor-section-boxed elementor-section-height-default elementor-section-height-default\" data-id=\"2e7c56c\" data-element_type=\"section\">\n\t\t\t\t\t\t<div class=\"elementor-container elementor-column-gap-default\">\n\t\t\t\t\t<div class=\"elementor-column elementor-col-100 elementor-top-column elementor-element elementor-element-17cffa8\" data-id=\"17cffa8\" data-element_type=\"column\">\n\t\t\t<div class=\"elementor-widget-wrap elementor-element-populated\">\n\t\t\t\t\t\t<div class=\"elementor-element elementor-element-15a012f elementor-widget elementor-widget-text-editor\" data-id=\"15a012f\" data-element_type=\"widget\" data-widget_type=\"text-editor.default\">\n\t\t\t\t\t\t\t\t\t<h2 style=\"text-align: justify; text-justify: inter-ideograph;\" align=\"justify\"><span style=\"background-color: rgba(0, 0, 0, 0); font-family: Calibri; color: rgb(0, 0, 0); font-size: 13pt;\">Para conocer el coste exacto del env\u00edo, simplemente a\u00f1ade los productos a tu cesta e introduce la direcci\u00f3n y el c\u00f3digo postal. El sistema calcular\u00e1 autom\u00e1ticamente los<\/span><span class=\"16\" style=\"background-color: rgba(0, 0, 0, 0); font-family: Calibri; color: rgb(0, 0, 0); font-size: 13pt;\">&nbsp;<\/span><b style=\"font-size: inherit; color: rgb(85, 85, 85); font-family: Roboto, sans-serif; background-color: rgba(0, 0, 0, 0);\"><span class=\"15\" style=\"font-family: Calibri; color: #000000; font-size: 13pt;\">gastos de env\u00edo<\/span><\/b><span class=\"16\" style=\"background-color: rgba(0, 0, 0, 0); font-family: Calibri; color: rgb(0, 0, 0); font-size: 13pt;\">&nbsp;<\/span><span style=\"background-color: rgba(0, 0, 0, 0); font-family: Calibri; color: rgb(0, 0, 0); font-size: 13pt;\">y te mostrar\u00e1 la<\/span><span class=\"16\" style=\"background-color: rgba(0, 0, 0, 0); font-family: Calibri; color: rgb(0, 0, 0); font-size: 13pt;\">&nbsp;<\/span><b style=\"font-size: inherit; color: rgb(85, 85, 85); font-family: Roboto, sans-serif; background-color: rgba(0, 0, 0, 0);\"><span class=\"15\" style=\"font-family: Calibri; color: #000000; font-size: 13pt;\">fecha estimada de entrega<\/span><\/b><span style=\"background-color: rgba(0, 0, 0, 0); font-family: Calibri; color: rgb(0, 0, 0); font-size: 13pt;\">, ya incluida en el total de tu compra.<\/span><\/h2>\n<hr align=\"center\" size=\"0\" width=\"100%\">\n<h2 style=\"text-align: justify; text-justify: inter-ideograph;\" align=\"justify\"><b><span class=\"15\" style=\"font-family: Calibri; color: #000000;\">Env\u00edo a domicilio<\/span><\/b><b><\/b><\/h2>\n<p class=\"p\" style=\"margin-top: 10.0000pt; margin-bottom: 0.0000pt; margin-left: 36.0000pt; text-indent: -18.0000pt; tab-stops: left blank 36.0000pt; text-align: justify; text-justify: inter-ideograph; mso-list: l0 level1 lfo1;\" align=\"justify\"><!-- [if !supportLists]--><span style=\"font-family: Symbol; mso-bidi-font-family: Calibri; color: #000000; font-weight: bold; font-size: 10.0000pt;\">\u00b7&nbsp;<\/span><!--[endif]--><b><span class=\"15\" style=\"font-family: Calibri; color: #000000; font-size: 13pt;\">Entrega garantizada en 24 horas:<\/span><\/b><span class=\"16\" style=\"mso-spacerun: 'yes'; font-family: Calibri; mso-fareast-font-family: 'Times New Roman'; color: #000000; font-size: 13.0000pt;\">&nbsp;<\/span><span style=\"mso-spacerun: 'yes'; font-family: Calibri; mso-fareast-font-family: 'Times New Roman'; color: #000000; font-size: 13.0000pt;\">12,95 \u20ac<\/span><\/p>\n<p class=\"p\" style=\"margin-top: 10.0000pt; margin-bottom: 0.0000pt; margin-left: 36.0000pt; text-indent: -18.0000pt; tab-stops: left blank 36.0000pt; text-align: justify; text-justify: inter-ideograph; mso-list: l0 level1 lfo1;\" align=\"justify\"><!-- [if !supportLists]--><span style=\"font-family: Symbol; mso-bidi-font-family: Calibri; color: #000000; font-weight: bold; font-size: 10.0000pt;\">\u00b7&nbsp;<\/span><!--[endif]--><b><span class=\"15\" style=\"font-family: Calibri; color: #000000; font-size: 13pt;\">Entrega garantizada en 48 horas:<\/span><\/b><span class=\"16\" style=\"mso-spacerun: 'yes'; font-family: Calibri; mso-fareast-font-family: 'Times New Roman'; color: #000000; font-size: 13.0000pt;\">&nbsp;<\/span><span style=\"mso-spacerun: 'yes'; font-family: Calibri; mso-fareast-font-family: 'Times New Roman'; color: #000000; font-size: 13.0000pt;\">6,95 \u20ac<\/span><\/p>\n<p class=\"p\" style=\"margin-top: 10.0000pt; margin-bottom: 0.0000pt; margin-left: 36.0000pt; text-indent: -18.0000pt; tab-stops: left blank 36.0000pt; text-align: justify; text-justify: inter-ideograph; mso-list: l0 level1 lfo1;\" align=\"justify\"><!-- [if !supportLists]--><span style=\"font-family: Symbol; mso-bidi-font-family: Calibri; color: #000000; font-weight: bold; font-size: 10.0000pt;\">\u00b7&nbsp;<\/span><!--[endif]--><b><span class=\"15\" style=\"font-family: Calibri; color: #000000; font-size: 13pt;\">Entrega en 3\u20135 d\u00edas laborables:<\/span><\/b><span class=\"16\" style=\"mso-spacerun: 'yes'; font-family: Calibri; mso-fareast-font-family: 'Times New Roman'; color: #000000; font-size: 13.0000pt;\">&nbsp;<\/span><span style=\"mso-spacerun: 'yes'; font-family: Calibri; mso-fareast-font-family: 'Times New Roman'; color: #000000; font-size: 13.0000pt;\">4,95 \u20ac<\/span><\/p>\n<p class=\"p\" style=\"margin-top: 10.0000pt; margin-bottom: 0.0000pt; text-align: justify; text-justify: inter-ideograph;\" align=\"justify\"><b><span class=\"15\" style=\"font-family: Calibri; color: #000000; font-size: 13pt;\">Env\u00edo gratuito en pedidos a partir de 55 \u20ac.<\/span><\/b><\/p>\n<p class=\"p\" style=\"margin-top: 10.0000pt; margin-bottom: 0.0000pt; text-align: justify; text-justify: inter-ideograph;\" align=\"justify\"><b><span class=\"15\" style=\"font-family: Calibri; color: #000000; font-size: 13pt;\">Importante:<\/span><\/b><span style=\"mso-spacerun: 'yes'; font-family: Calibri; mso-fareast-font-family: 'Times New Roman'; color: #000000; font-size: 13.0000pt;\"><br><\/span><span style=\"mso-spacerun: 'yes'; font-family: Calibri; mso-fareast-font-family: 'Times New Roman'; color: #000000; font-size: 13.0000pt;\">Las fechas de entrega son estimaciones aproximadas y pueden variar seg\u00fan las circunstancias log\u00edsticas del momento. Las entregas se realizan \u00fanicamente<\/span><span class=\"16\" style=\"mso-spacerun: 'yes'; font-family: Calibri; mso-fareast-font-family: 'Times New Roman'; color: #000000; font-size: 13.0000pt;\">&nbsp;<\/span><b><span class=\"15\" style=\"font-family: Calibri; color: #000000; font-size: 13pt;\">de lunes a viernes (d\u00edas laborables)<\/span><\/b><span style=\"mso-spacerun: 'yes'; font-family: Calibri; mso-fareast-font-family: 'Times New Roman'; color: #000000; font-size: 13.0000pt;\">.<\/span><\/p>\n<p class=\"p\" style=\"margin-top: 10.0000pt; margin-bottom: 0.0000pt; text-align: justify; text-justify: inter-ideograph;\" align=\"justify\"><b><span class=\"15\" style=\"font-family: Calibri; color: #000000; font-size: 13pt;\">De momento, no realizamos env\u00edos a las Islas Canarias.<\/span><\/b><\/p>\n<hr align=\"center\" size=\"0\" width=\"100%\">\n<h2 style=\"text-align: justify; text-justify: inter-ideograph;\" align=\"justify\"><b><span class=\"15\" style=\"font-family: Calibri; color: #000000;\">Preparaci\u00f3n del pedido<\/span><\/b><b><\/b><\/h2>\n<p class=\"p\" style=\"margin-top: 10.0000pt; margin-bottom: 0.0000pt; text-align: justify; text-justify: inter-ideograph;\" align=\"justify\"><span style=\"mso-spacerun: 'yes'; font-family: Calibri; mso-fareast-font-family: 'Times New Roman'; color: #000000; font-size: 13.0000pt;\">Procesamos y preparamos tu pedido en un plazo de<\/span><span class=\"16\" style=\"mso-spacerun: 'yes'; font-family: Calibri; mso-fareast-font-family: 'Times New Roman'; color: #000000; font-size: 13.0000pt;\">&nbsp;<\/span><b><span class=\"15\" style=\"font-family: Calibri; color: #000000; font-size: 13pt;\">24 a 48 horas laborables<\/span><\/b><span class=\"16\" style=\"mso-spacerun: 'yes'; font-family: Calibri; mso-fareast-font-family: 'Times New Roman'; color: #000000; font-size: 13.0000pt;\">&nbsp;<\/span><span style=\"mso-spacerun: 'yes'; font-family: Calibri; mso-fareast-font-family: 'Times New Roman'; color: #000000; font-size: 13.0000pt;\">desde la confirmaci\u00f3n del pago.<\/span><\/p>\n<p class=\"MsoNormal\" style=\"margin-top: 10.0000pt; margin-bottom: 0.0000pt; text-align: justify; text-justify: inter-ideograph;\" align=\"justify\"><span style=\"mso-spacerun: 'yes'; font-family: Calibri; mso-fareast-font-family: '\uff2d\uff33 \u660e\u671d'; font-size: 13.0000pt;\">&nbsp;<\/span><\/p>\t\t\t\t\t\t\t\t<\/div>\n\t\t\t\t\t<\/div>\n\t\t<\/div>\n\t\t\t\t\t<\/div>\n\t\t<\/section>\n\t\t\t\t<\/div>\n\t\t","protected":false},"excerpt":{"rendered":"<p>Plazos y costes de env\u00edo Para conocer el coste exacto del env\u00edo, simplemente a\u00f1ade los productos a tu cesta e introduce la direcci\u00f3n y el&#8230;<\/p>\n","protected":false},"author":1,"featured_media":0,"parent":0,"menu_order":0,"comment_status":"closed","ping_status":"closed","template":"elementor_header_footer","meta":{"footnotes":""},"class_list":["post-2160","page","type-page","status-publish","hentry"],"_links":{"self":[{"href":"https:\/\/www.moneilsnails.com\/en\/wp-json\/wp\/v2\/pages\/2160","targetHints":{"allow":["GET"]}}],"collection":[{"href":"https:\/\/www.moneilsnails.com\/en\/wp-json\/wp\/v2\/pages"}],"about":[{"href":"https:\/\/www.moneilsnails.com\/en\/wp-json\/wp\/v2\/types\/page"}],"author":[{"embeddable":true,"href":"https:\/\/www.moneilsnails.com\/en\/wp-json\/wp\/v2\/users\/1"}],"replies":[{"embeddable":true,"href":"https:\/\/www.moneilsnails.com\/en\/wp-json\/wp\/v2\/comments?post=2160"}],"version-history":[{"count":10,"href":"https:\/\/www.moneilsnails.com\/en\/wp-json\/wp\/v2\/pages\/2160\/revisions"}],"predecessor-version":[{"id":3172,"href":"https:\/\/www.moneilsnails.com\/en\/wp-json\/wp\/v2\/pages\/2160\/revisions\/3172"}],"wp:attachment":[{"href":"https:\/\/www.moneilsnails.com\/en\/wp-json\/wp\/v2\/media?parent=2160"}],"curies":[{"name":"wp","href":"https:\/\/api.w.org\/{rel}","templated":true}]}}